{"id":1294,"date":"2022-03-18T13:01:50","date_gmt":"2022-03-18T13:01:50","guid":{"rendered":"http:\/\/doku-film.com\/?page_id=429"},"modified":"2025-04-26T00:25:43","modified_gmt":"2025-04-26T00:25:43","slug":"hakkimizda","status":"publish","type":"page","link":"https:\/\/dokufilm.com\/index.php\/hakkimizda\/","title":{"rendered":"HAKKIMIZDA"},"content":{"rendered":"<div id=\"pl-1294\"  class=\"panel-layout\" ><div id=\"pg-1294-0\"  class=\"panel-grid panel-has-style\" ><div class=\"siteorigin-panels-stretch panel-row-style panel-row-style-for-1294-0\" style=\"padding-top: 60px; padding-bottom: 50px; \" data-stretch-type=\"full\" ><div id=\"pgc-1294-0-0\"  class=\"panel-grid-cell panel-grid-cell-empty\" ><\/div><div id=\"pgc-1294-0-1\"  class=\"panel-grid-cell panel-grid-cell-mobile-last\" ><div id=\"panel-1294-0-1-0\" class=\"so-panel widget widget_black-studio-tinymce widget_black_studio_tinymce panel-first-child\" data-index=\"0\" ><div class=\"textwidget\"><h3 style=\"text-align: left;\"><span style=\"color: #242424;\">Doku Film Prod\u00fcksiyon ve Tan\u0131t\u0131m<\/span><\/h3>\n<\/div><\/div><div id=\"panel-1294-0-1-1\" class=\"so-panel widget widget_black-studio-tinymce widget_black_studio_tinymce panel-last-child\" data-index=\"1\" ><div class=\"textwidget\"><p>Doku Film Prod\u00fcksiyon Tan\u0131t\u0131m A\u015e, 1992 y\u0131l\u0131ndan bu yana film yap\u0131m sekt\u00f6r\u00fcnde faaliyet g\u00f6steren bir kurulu\u015ftur. \u00d6ncelikli uzmanl\u0131k alan\u0131 \u2018belgesel\u2019 yap\u0131mc\u0131l\u0131\u011f\u0131 olmakla birlikte, 2000 y\u0131l\u0131na kadar \u00e7ekim, kurgu ve tan\u0131t\u0131m alanlar\u0131nda T\u00fcrkiye\u2019deki ve \u00f6zellikle de uluslararas\u0131 medya sekt\u00f6r\u00fcne teknik hizmetler vermi\u015f, onlar ad\u0131na g\u00f6revler \u00fcstlenmi\u015f ve ba\u015far\u0131 ile yerine getirmi\u015ftir. 1998 ve 2000 y\u0131llar\u0131 aras\u0131nda Londra\u2019dan yay\u0131n yapan MBC Televiyonu i\u00e7in T\u00fcrkiye ve B\u00f6lgeyi kapsayan temsilcilik g\u00f6revi \u00fcstlenmi\u015f, bu do\u011frultuda Film ekibimiz Ermenistan, Irak ve Suriye gibi s\u0131cak b\u00f6lgelerde haber \u00e7ekimleri ger\u00e7ekle\u015ftirmi\u015f ve canl\u0131 olarak servise konmu\u015ftur.<\/p>\n<p>Doku Film'in \u015fimdiye kadar ger\u00e7ekle\u015ftirdi\u011fi en b\u00fcy\u00fck belgesel \u00e7al\u0131\u015fmas\u0131 ise; orijinal versiyonu 6.5 saat uzunlu\u011funda olan ve 13 B\u00f6l\u00fcm olarak haz\u0131rlanan Hicaz Demiryolu Belgeselidir. \u0130stanbul\u2019dan yola \u00e7\u0131karak Medine'ye kadar t\u00fcm istasyonlar\u0131 tek tek izleyerek Suriye, L\u00fcbnan, \u00dcrd\u00fcn, \u0130srail ve Suudi Arabistan\u2019a ula\u015fan bir yolculu\u011fun ad\u0131d\u0131r Hicaz Demiryolu. \u00c7ok zor \u015fartlarda ger\u00e7ekle\u015ftirilmi\u015f, ayn\u0131 filmi bug\u00fcn \u00e7ekmenin kimi yerlerde imkans\u0131z oldu\u011fu bir yap\u0131m\u0131n da ad\u0131d\u0131r. Bu konuda \u015fimdiye kadar yap\u0131lan ilk ve tek eserdir. T\u00fcrkiye Cumhuriyeti Ba\u015fbakanl\u0131k Tan\u0131tma Fonu taraf\u0131ndan da desteklenen film, TRT'de prime time olarak yay\u0131nlanm\u0131\u015f, yine bir \u00e7ok yurt d\u0131\u015f\u0131 kanalda da g\u00f6sterilmi\u015f ve b\u00fcy\u00fck be\u011feni toplam\u0131\u015ft\u0131r. Bir \u00e7ok festivalde \u00f6d\u00fcller kazanm\u0131\u015f olan Hicaz Demiryolu Belgeseli, Londra \u00dcniversitesi Brunei Gallery\u2019de \u0130ngilizce olarak g\u00f6sterilmi\u015f ve konu ile ilgili olarak filmin yap\u0131mc\u0131s\u0131 Mustafa Aksay taraf\u0131ndan da bir konferans verilmi\u015ftir. Film, Suriye, Kuveyt ve \u00dcrd\u00fcn devlet televizyonlar\u0131 taraf\u0131ndan Arap\u00e7a olarak kesintisiz yay\u0131nlanm\u0131\u015f, son iki y\u0131ld\u0131r da Al Jazeera Belgesel kanal\u0131nda g\u00f6sterilmektedir.<\/p>\n<p>2000 y\u0131l\u0131nda ger\u00e7ekle\u015ftirdi\u011fimiz ve konusunda hala ilk ve tek yap\u0131t olan Hac Belgeseli, ger\u00e7ek anlamda ve t\u00fcm y\u00f6nleri ile \u00e7ekilen ilk Hac belgeselinin ad\u0131d\u0131r. 7 ki\u015filik Doku Film ekibi, 30 g\u00fcn s\u00fcreyle hacc\u0131n \u00f6ncesini, olu\u015fumunu ve sonras\u0131n\u0131 g\u00f6r\u00fcnt\u00fcledi. CNN\u2019in yapt\u0131\u011f\u0131 ve daha sonra piyasaya Riz Khan taraf\u0131ndan s\u00fcr\u00fclen Hac Belgeseli ile k\u0131yas edilemeyecek olan \u00e7al\u0131\u015fmam\u0131z, 2003 y\u0131l\u0131nda Sabah Gazetesi taraf\u0131ndan promosyonel ama\u00e7la VCD format\u0131nda sat\u0131\u015fa kondu ve tam 250.000 adet satarak sahas\u0131nda bir rekor k\u0131rd\u0131. Ba\u015fta TRT 1 olmak \u00fczere bir \u00e7ok televizyon taraf\u0131ndan Hac mevsiminde Prime Time olarak yay\u0131nland\u0131. Ayr\u0131ca Diyanet \u0130\u015fleri Ba\u015fkanl\u0131\u011f\u0131 taraf\u0131ndan da resmi olarak Hacca gidecek insanlara tavsiye edilen ilk belgesel \u00e7al\u0131\u015fmas\u0131 olma \u00f6zelli\u011fini ta\u015f\u0131maktad\u0131r. Bu ba\u011flamda ilk olarak 2005 y\u0131l\u0131nda \u00e7al\u0131\u015fmalar\u0131 ba\u015flat\u0131lan ve \u00f6n haz\u0131rl\u0131klar\u0131 tamamlanan son projemiz Mimar Sinan the Architect belgesel filminin \u00e7ekimlerine 2006 y\u0131l\u0131nda ba\u015flanm\u0131\u015f ve 2008 y\u0131l\u0131nda tamamlanm\u0131\u015f bulunmaktad\u0131r. \u00c7ankaya K\u00f6\u015fk\u00fc'nde ilk defa yap\u0131lan bir film galas\u0131 olma \u015ferefine sahip olan belgesel filmimiz, bu ama\u00e7la medyan\u0131n \u00f6n\u00fcne \u00e7\u0131kmam\u0131\u015f ve uzun bir s\u00fcre kitap ve \u00f6zel gala filmi i\u00e7in haz\u0131rl\u0131klar yapm\u0131\u015ft\u0131r. 2013 y\u0131l\u0131nda ise Kuveyt sponsorlu\u011funda; Evliya \u00c7elebi ile Kutsal Yolculuk ad\u0131nda 2x45 dakikal\u0131k Belgesel filmi ve foto\u011fraf alb\u00fcm\u00fc \u00e7al\u0131\u015fmam\u0131z\u0131 tamamlam\u0131\u015f olup, CRR'de muhte\u015fem bir gala ile ilk g\u00f6sterimini yapm\u0131\u015ft\u0131r. Mekke, Medine, Kud\u00fcs ve \u015eam'da yap\u0131lan \u00e7ekimlerin yan\u0131s\u0131ra Evliya \u00c7elebi'nin bu kutsal yolculu\u011funa \u00e7\u0131kmas\u0131na sebep olan r\u00fcyas\u0131n\u0131n dramas\u0131n\u0131 \u00e7ekmi\u015f olup; Evliya \u00c7elebi rol\u00fcnde Sinan Albayrak ba\u015far\u0131yla oynay\u0131p bize adete Evliya \u00e7elebi'yi g\u00f6rme \u015fans\u0131 vermi\u015ftir. Bu D\u00f6rt ana eserin yan\u0131s\u0131ra Doku Film olarak yapt\u0131\u011f\u0131m\u0131z bir \u00e7ok belgesel, tan\u0131t\u0131m filmi, commercial, TV filmi ve di\u011fer \u00e7al\u0131\u015fmalar bulunmaktad\u0131r. K\u0131saca Doku Film, gerek d\u00fc\u015f\u00fcnce ve gerekse de ekipman olarak uluslararas\u0131 d\u00fczeyde \u00e7al\u0131\u015fmalar yapan ciddi bir kurulu\u015ftur. G\u00fcndelik medya ortam\u0131nda g\u00f6r\u00fcnmemesi onun i\u00e7in bir art\u0131 de\u011ferdir.<\/p>\n<\/div><\/div><\/div><div id=\"pgc-1294-0-2\"  class=\"panel-grid-cell panel-grid-cell-empty\" ><\/div><\/div><\/div><\/div>","protected":false},"excerpt":{"rendered":"<p>Doku Film Prod\u00fcksiyon ve Tan\u0131t\u0131m Doku Film Prod\u00fcksiyon Tan\u0131t\u0131m A\u015e, 1992 y\u0131l\u0131ndan bu yana film yap\u0131m sekt\u00f6r\u00fcnde faaliyet g\u00f6steren bir kurulu\u015ftur. \u00d6ncelikli uzmanl\u0131k alan\u0131 \u2018belgesel\u2019 yap\u0131mc\u0131l\u0131\u011f\u0131 olmakla birlikte, 2000 y\u0131l\u0131na kadar \u00e7ekim, kurgu ve tan\u0131t\u0131m alanlar\u0131nda T\u00fcrkiye\u2019deki ve \u00f6zellikle de uluslararas\u0131 medya sekt\u00f6r\u00fcne teknik hizmetler vermi\u015f, onlar ad\u0131na g\u00f6revler \u00fcstlenmi\u015f ve ba\u015far\u0131 ile yerine getirmi\u015ftir. &hellip; <a href=\"https:\/\/dokufilm.com\/index.php\/hakkimizda\/\" title=\"HAKKIMIZDA\" class=\"read-more\">Read More<\/a><\/p>\n","protected":false},"author":1,"featured_media":0,"parent":0,"menu_order":0,"comment_status":"closed","ping_status":"closed","template":"","meta":{"footnotes":""},"class_list":["post-1294","page","type-page","status-publish","hentry"],"_links":{"self":[{"href":"https:\/\/dokufilm.com\/index.php\/wp-json\/wp\/v2\/pages\/1294","targetHints":{"allow":["GET"]}}],"collection":[{"href":"https:\/\/dokufilm.com\/index.php\/wp-json\/wp\/v2\/pages"}],"about":[{"href":"https:\/\/dokufilm.com\/index.php\/wp-json\/wp\/v2\/types\/page"}],"author":[{"embeddable":true,"href":"https:\/\/dokufilm.com\/index.php\/wp-json\/wp\/v2\/users\/1"}],"replies":[{"embeddable":true,"href":"https:\/\/dokufilm.com\/index.php\/wp-json\/wp\/v2\/comments?post=1294"}],"version-history":[{"count":1,"href":"https:\/\/dokufilm.com\/index.php\/wp-json\/wp\/v2\/pages\/1294\/revisions"}],"predecessor-version":[{"id":1388,"href":"https:\/\/dokufilm.com\/index.php\/wp-json\/wp\/v2\/pages\/1294\/revisions\/1388"}],"wp:attachment":[{"href":"https:\/\/dokufilm.com\/index.php\/wp-json\/wp\/v2\/media?parent=1294"}],"curies":[{"name":"wp","href":"https:\/\/api.w.org\/{rel}","templated":true}]}}